{"id":151,"date":"2021-07-20T10:07:05","date_gmt":"2021-07-20T08:07:05","guid":{"rendered":"http:\/\/grainesderainette.fr\/?page_id=151"},"modified":"2021-07-21T20:36:26","modified_gmt":"2021-07-21T18:36:26","slug":"mentions-legales","status":"publish","type":"page","link":"https:\/\/grainesderainette.fr\/?page_id=151","title":{"rendered":"Mentions l\u00e9gales"},"content":{"rendered":"\n<h2>\u00c9diteur  du site : <\/h2>\n\n\n\n<p class=\"has-medium-font-size\">Association Graines de Rainette <\/p>\n\n\n\n<h2>H\u00e9bergement :<\/h2>\n\n\n\n<p>OVH<br>2, rue Kellermann, 59100 Roubaix<\/p>\n\n\n\n<h2>Respect de la vie priv\u00e9e :<\/h2>\n\n\n\n<p>Conform\u00e9ment \u00e0 la loi \u00ab&nbsp;Informatique et Libert\u00e9s&nbsp;\u00bb du 6 janvier 1978 (modifi\u00e9e par la loi relative \u00e0 la protection des personnes physiques \u00e0 l\u2019\u00e9gard des traitements de donn\u00e9es \u00e0 caract\u00e8re personnel du 6 ao\u00fbt 2004), vous disposez d\u2019un droit d\u2019acc\u00e8s et de rectification des informations renseign\u00e9es \u00e0 partir de ce site web. Ces informations ne seront pas communiqu\u00e9es \u00e0 des tiers.<\/p>\n\n\n\n<h2>Droit d&#8217;auteur :<\/h2>\n\n\n\n<p>Le pr\u00e9sent site Web et l\u2019ensemble de son contenu, y compris les textes, images fixes ou anim\u00e9es, bases de donn\u00e9es, programmes, etc., est prot\u00e9g\u00e9 par le droit d\u2019auteur.<br>Conform\u00e9ment \u00e0 l\u2019article L. 122-4 du Code de la propri\u00e9t\u00e9 intellectuelle fran\u00e7aise, il est interdit de reproduire, copier, modifier, transmettre, diffuser de toute mani\u00e8re que ce soit, m\u00eame partiellement, sur tout type de support, tout \u00e9l\u00e9ment provenant de ce site (par exemple, mais non exclusivement : textes, logos, images, \u00e9l\u00e9ments sonores, vid\u00e9os, logiciels, ic\u00f4nes) sans l\u2019autorisation explicite et pr\u00e9alable de la part de Graines de Rainette.<\/p>\n\n\n\n<p><\/p>\n","protected":false},"excerpt":{"rendered":"<p>\u00c9diteur du site : Association Graines de Rainette H\u00e9bergement : OVH2, rue Kellermann, 59100 Roubaix Respect de la vie priv\u00e9e : Conform\u00e9ment \u00e0 la loi \u00ab&nbsp;Informatique et Libert\u00e9s&nbsp;\u00bb du 6 janvier 1978 (modifi\u00e9e par la loi relative \u00e0 la protection des personnes physiques \u00e0 l\u2019\u00e9gard des traitements de donn\u00e9es \u00e0 caract\u00e8re personnel du 6 ao\u00fbt 2004), vous disposez d\u2019un droit d\u2019acc\u00e8s et de rectification des informations renseign\u00e9es \u00e0 partir de ce site web. Ces informations ne seront pas communiqu\u00e9es \u00e0 des tiers. Droit d&#8217;auteur : Le pr\u00e9sent site Web et l\u2019ensemble de son contenu, y compris les textes, images fixes ou anim\u00e9es, bases de donn\u00e9es, programmes, etc., est prot\u00e9g\u00e9 par le droit d\u2019auteur.Conform\u00e9ment \u00e0 l\u2019article L. 122-4 du Code de la propri\u00e9t\u00e9 intellectuelle fran\u00e7aise, il est interdit de reproduire, copier, modifier, transmettre, diffuser de toute mani\u00e8re que ce soit, m\u00eame partiellement, sur tout type de support, tout \u00e9l\u00e9ment provenant de ce site (par exemple, mais non exclusivement : textes, logos, images, \u00e9l\u00e9ments sonores, vid\u00e9os, logiciels, ic\u00f4nes) sans l\u2019autorisation explicite et pr\u00e9alable de la part de Graines de Rainette.<\/p>\n","protected":false},"author":1,"featured_media":0,"parent":0,"menu_order":0,"comment_status":"closed","ping_status":"closed","template":"","meta":[],"yoast_head":"<!-- This site is optimized with the Yoast SEO plugin v16.8 - https:\/\/yoast.com\/wordpress\/plugins\/seo\/ -->\n<title>Mentions l\u00e9gales - Graines de rainette<\/title>\n<meta name=\"robots\" content=\"index, follow, max-snippet:-1, max-image-preview:large, max-video-preview:-1\" \/>\n<link rel=\"canonical\" href=\"https:\/\/grainesderainette.fr\/?page_id=151\" \/>\n<meta property=\"og:locale\" content=\"en_US\" \/>\n<meta property=\"og:type\" content=\"article\" \/>\n<meta property=\"og:title\" content=\"Mentions l\u00e9gales - Graines de rainette\" \/>\n<meta property=\"og:description\" content=\"\u00c9diteur du site : Association Graines de Rainette H\u00e9bergement : OVH2, rue Kellermann, 59100 Roubaix Respect de la vie priv\u00e9e : Conform\u00e9ment \u00e0 la loi \u00ab&nbsp;Informatique et Libert\u00e9s&nbsp;\u00bb du 6 janvier 1978 (modifi\u00e9e par la loi relative \u00e0 la protection des personnes physiques \u00e0 l\u2019\u00e9gard des traitements de donn\u00e9es \u00e0 caract\u00e8re personnel du 6 ao\u00fbt 2004), vous disposez d\u2019un droit d\u2019acc\u00e8s et de rectification des informations renseign\u00e9es \u00e0 partir de ce site web. Ces informations ne seront pas communiqu\u00e9es \u00e0 des tiers. Droit d&#8217;auteur : Le pr\u00e9sent site Web et l\u2019ensemble de son contenu, y compris les textes, images fixes ou anim\u00e9es, bases de donn\u00e9es, programmes, etc., est prot\u00e9g\u00e9 par le droit d\u2019auteur.Conform\u00e9ment \u00e0 l\u2019article L. 122-4 du Code de la propri\u00e9t\u00e9 intellectuelle fran\u00e7aise, il est interdit de reproduire, copier, modifier, transmettre, diffuser de toute mani\u00e8re que ce soit, m\u00eame partiellement, sur tout type de support, tout \u00e9l\u00e9ment provenant de ce site (par exemple, mais non exclusivement : textes, logos, images, \u00e9l\u00e9ments sonores, vid\u00e9os, logiciels, ic\u00f4nes) sans l\u2019autorisation explicite et pr\u00e9alable de la part de Graines de Rainette.\" \/>\n<meta property=\"og:url\" content=\"https:\/\/grainesderainette.fr\/?page_id=151\" \/>\n<meta property=\"og:site_name\" content=\"Graines de rainette\" \/>\n<meta property=\"article:modified_time\" content=\"2021-07-21T18:36:26+00:00\" \/>\n<meta name=\"twitter:card\" content=\"summary_large_image\" \/>\n<meta name=\"twitter:label1\" content=\"Est. reading time\" \/>\n\t<meta name=\"twitter:data1\" content=\"1 minute\" \/>\n<script type=\"application\/ld+json\" class=\"yoast-schema-graph\">{\"@context\":\"https:\/\/schema.org\",\"@graph\":[{\"@type\":\"Organization\",\"@id\":\"https:\/\/grainesderainette.fr\/#organization\",\"name\":\"Graines de rainette\",\"url\":\"https:\/\/grainesderainette.fr\/\",\"sameAs\":[],\"logo\":{\"@type\":\"ImageObject\",\"@id\":\"https:\/\/grainesderainette.fr\/#logo\",\"inLanguage\":\"en-US\",\"url\":\"http:\/\/grainesderainette.fr\/wp-content\/uploads\/2021\/07\/logo-scaled.jpeg\",\"contentUrl\":\"http:\/\/grainesderainette.fr\/wp-content\/uploads\/2021\/07\/logo-scaled.jpeg\",\"width\":2560,\"height\":1861,\"caption\":\"Graines de rainette\"},\"image\":{\"@id\":\"https:\/\/grainesderainette.fr\/#logo\"}},{\"@type\":\"WebSite\",\"@id\":\"https:\/\/grainesderainette.fr\/#website\",\"url\":\"https:\/\/grainesderainette.fr\/\",\"name\":\"Graines de rainette\",\"description\":\"Association de Yoga pour enfants pr\\u00e8s de Tours (37)\",\"publisher\":{\"@id\":\"https:\/\/grainesderainette.fr\/#organization\"},\"potentialAction\":[{\"@type\":\"SearchAction\",\"target\":{\"@type\":\"EntryPoint\",\"urlTemplate\":\"https:\/\/grainesderainette.fr\/?s={search_term_string}\"},\"query-input\":\"required name=search_term_string\"}],\"inLanguage\":\"en-US\"},{\"@type\":\"WebPage\",\"@id\":\"https:\/\/grainesderainette.fr\/?page_id=151#webpage\",\"url\":\"https:\/\/grainesderainette.fr\/?page_id=151\",\"name\":\"Mentions l\\u00e9gales - Graines de rainette\",\"isPartOf\":{\"@id\":\"https:\/\/grainesderainette.fr\/#website\"},\"datePublished\":\"2021-07-20T08:07:05+00:00\",\"dateModified\":\"2021-07-21T18:36:26+00:00\",\"breadcrumb\":{\"@id\":\"https:\/\/grainesderainette.fr\/?page_id=151#breadcrumb\"},\"inLanguage\":\"en-US\",\"potentialAction\":[{\"@type\":\"ReadAction\",\"target\":[\"https:\/\/grainesderainette.fr\/?page_id=151\"]}]},{\"@type\":\"BreadcrumbList\",\"@id\":\"https:\/\/grainesderainette.fr\/?page_id=151#breadcrumb\",\"itemListElement\":[{\"@type\":\"ListItem\",\"position\":1,\"name\":\"Accueil\",\"item\":\"https:\/\/grainesderainette.fr\/\"},{\"@type\":\"ListItem\",\"position\":2,\"name\":\"Mentions l\\u00e9gales\"}]}]}<\/script>\n<!-- \/ Yoast SEO plugin. -->","yoast_head_json":{"title":"Mentions l\u00e9gales - Graines de rainette","robots":{"index":"index","follow":"follow","max-snippet":"max-snippet:-1","max-image-preview":"max-image-preview:large","max-video-preview":"max-video-preview:-1"},"canonical":"https:\/\/grainesderainette.fr\/?page_id=151","og_locale":"en_US","og_type":"article","og_title":"Mentions l\u00e9gales - Graines de rainette","og_description":"\u00c9diteur du site : Association Graines de Rainette H\u00e9bergement : OVH2, rue Kellermann, 59100 Roubaix Respect de la vie priv\u00e9e : Conform\u00e9ment \u00e0 la loi \u00ab&nbsp;Informatique et Libert\u00e9s&nbsp;\u00bb du 6 janvier 1978 (modifi\u00e9e par la loi relative \u00e0 la protection des personnes physiques \u00e0 l\u2019\u00e9gard des traitements de donn\u00e9es \u00e0 caract\u00e8re personnel du 6 ao\u00fbt 2004), vous disposez d\u2019un droit d\u2019acc\u00e8s et de rectification des informations renseign\u00e9es \u00e0 partir de ce site web. Ces informations ne seront pas communiqu\u00e9es \u00e0 des tiers. Droit d&#8217;auteur : Le pr\u00e9sent site Web et l\u2019ensemble de son contenu, y compris les textes, images fixes ou anim\u00e9es, bases de donn\u00e9es, programmes, etc., est prot\u00e9g\u00e9 par le droit d\u2019auteur.Conform\u00e9ment \u00e0 l\u2019article L. 122-4 du Code de la propri\u00e9t\u00e9 intellectuelle fran\u00e7aise, il est interdit de reproduire, copier, modifier, transmettre, diffuser de toute mani\u00e8re que ce soit, m\u00eame partiellement, sur tout type de support, tout \u00e9l\u00e9ment provenant de ce site (par exemple, mais non exclusivement : textes, logos, images, \u00e9l\u00e9ments sonores, vid\u00e9os, logiciels, ic\u00f4nes) sans l\u2019autorisation explicite et pr\u00e9alable de la part de Graines de Rainette.","og_url":"https:\/\/grainesderainette.fr\/?page_id=151","og_site_name":"Graines de rainette","article_modified_time":"2021-07-21T18:36:26+00:00","twitter_card":"summary_large_image","twitter_misc":{"Est. reading time":"1 minute"},"schema":{"@context":"https:\/\/schema.org","@graph":[{"@type":"Organization","@id":"https:\/\/grainesderainette.fr\/#organization","name":"Graines de rainette","url":"https:\/\/grainesderainette.fr\/","sameAs":[],"logo":{"@type":"ImageObject","@id":"https:\/\/grainesderainette.fr\/#logo","inLanguage":"en-US","url":"http:\/\/grainesderainette.fr\/wp-content\/uploads\/2021\/07\/logo-scaled.jpeg","contentUrl":"http:\/\/grainesderainette.fr\/wp-content\/uploads\/2021\/07\/logo-scaled.jpeg","width":2560,"height":1861,"caption":"Graines de rainette"},"image":{"@id":"https:\/\/grainesderainette.fr\/#logo"}},{"@type":"WebSite","@id":"https:\/\/grainesderainette.fr\/#website","url":"https:\/\/grainesderainette.fr\/","name":"Graines de rainette","description":"Association de Yoga pour enfants pr\u00e8s de Tours (37)","publisher":{"@id":"https:\/\/grainesderainette.fr\/#organization"},"potentialAction":[{"@type":"SearchAction","target":{"@type":"EntryPoint","urlTemplate":"https:\/\/grainesderainette.fr\/?s={search_term_string}"},"query-input":"required name=search_term_string"}],"inLanguage":"en-US"},{"@type":"WebPage","@id":"https:\/\/grainesderainette.fr\/?page_id=151#webpage","url":"https:\/\/grainesderainette.fr\/?page_id=151","name":"Mentions l\u00e9gales - Graines de rainette","isPartOf":{"@id":"https:\/\/grainesderainette.fr\/#website"},"datePublished":"2021-07-20T08:07:05+00:00","dateModified":"2021-07-21T18:36:26+00:00","breadcrumb":{"@id":"https:\/\/grainesderainette.fr\/?page_id=151#breadcrumb"},"inLanguage":"en-US","potentialAction":[{"@type":"ReadAction","target":["https:\/\/grainesderainette.fr\/?page_id=151"]}]},{"@type":"BreadcrumbList","@id":"https:\/\/grainesderainette.fr\/?page_id=151#breadcrumb","itemListElement":[{"@type":"ListItem","position":1,"name":"Accueil","item":"https:\/\/grainesderainette.fr\/"},{"@type":"ListItem","position":2,"name":"Mentions l\u00e9gales"}]}]}},"_links":{"self":[{"href":"https:\/\/grainesderainette.fr\/index.php?rest_route=\/wp\/v2\/pages\/151"}],"collection":[{"href":"https:\/\/grainesderainette.fr\/index.php?rest_route=\/wp\/v2\/pages"}],"about":[{"href":"https:\/\/grainesderainette.fr\/index.php?rest_route=\/wp\/v2\/types\/page"}],"author":[{"embeddable":true,"href":"https:\/\/grainesderainette.fr\/index.php?rest_route=\/wp\/v2\/users\/1"}],"replies":[{"embeddable":true,"href":"https:\/\/grainesderainette.fr\/index.php?rest_route=%2Fwp%2Fv2%2Fcomments&post=151"}],"version-history":[{"count":7,"href":"https:\/\/grainesderainette.fr\/index.php?rest_route=\/wp\/v2\/pages\/151\/revisions"}],"predecessor-version":[{"id":235,"href":"https:\/\/grainesderainette.fr\/index.php?rest_route=\/wp\/v2\/pages\/151\/revisions\/235"}],"wp:attachment":[{"href":"https:\/\/grainesderainette.fr\/index.php?rest_route=%2Fwp%2Fv2%2Fmedia&parent=151"}],"curies":[{"name":"wp","href":"https:\/\/api.w.org\/{rel}","templated":true}]}}